{"id":2849,"date":"2026-04-11T07:09:57","date_gmt":"2026-04-11T07:09:57","guid":{"rendered":"https:\/\/babazeytun.com\/?post_type=product&#038;p=2849"},"modified":"2026-04-15T03:28:02","modified_gmt":"2026-04-15T03:28:02","slug":"baba-zeytun-extra-virgin-daily-pack","status":"publish","type":"product","link":"https:\/\/babazeytun.com\/az\/product\/baba-zeytun-extra-virgin-daily-pack\/","title":{"rendered":"Baba Zeytun Extra Virgin \u2013 G\u00fcnd\u0259lik Paket"},"content":{"rendered":"<p><span style=\"font-weight: 400;\">Elevate your culinary experience with the Baba Zeytun &#8220;Daily Package.&#8221; Specifically curated to meet all your kitchen needs, this set brings together three different volumes of natural olive oil, each crafted for a specific purpose.<\/span><\/p>\n<p><span style=\"font-weight: 400;\">What\u2019s Inside the Set:<\/span><\/p>\n<ul>\n<li><span style=\"font-weight: 400;\"> 1 L \u2013 For Cooking: Light and balanced, perfect for hot dishes and everyday cooking.<\/span><\/li>\n<li><span style=\"font-weight: 400;\"> 500 ml \u2013 For Salads &amp; Special Dishes: Rich in aroma, ideal for cold appetizers, fresh salads, and gourmet sauces.<\/span><\/li>\n<li><span style=\"font-weight: 400;\"> 250 ml \u2013 For Table Use &amp; Tasting: Premium quality designed for direct serving at the table or for those who appreciate the pure, intense flavor of olive oil.<\/span><\/li>\n<\/ul>\n<p><span style=\"font-weight: 400;\">Key Highlights:<\/span><\/p>\n<ul>\n<li><span style=\"font-weight: 400;\"> 100% Natural: Produced from high-quality olives with no artificial additives.<\/span><\/li>\n<li><span style=\"font-weight: 400;\"> Versatile Use: A complete solution ranging from saut\u00e9ing to finishing touches on your favorite meals.<\/span><\/li>\n<li><span style=\"font-weight: 400;\"> Elegant Packaging: Comes with the stylish branded gift bag shown in the image, making it a perfect gift for food enthusiasts.<\/span><\/li>\n<\/ul>\n<p><br style=\"font-weight: 400;\" \/><br style=\"font-weight: 400;\" \/><\/p>","protected":false},"excerpt":{"rendered":"<div>Baba Zeytun Extra Virgin Zeytun Ya\u011f\u0131 ail\u0259miz\u0259 m\u0259xsus ba\u011flarda yeti\u015fdiril\u0259n, diqq\u0259tl\u0259 se\u00e7ilmi\u015f zeytunlardan \u0259ld\u0259 olunur. Zeytunlar \u0259n uy\u011fun yeti\u015fm\u0259 m\u0259rh\u0259l\u0259sind\u0259 y\u0131\u011f\u0131l\u0131r v\u0259 t\u0259bii \u0259tri, dad\u0131 v\u0259 qida d\u0259y\u0259rini qorumaq \u00fc\u00e7\u00fcn ilk soyuq s\u0131x\u0131m \u00fcsulu il\u0259 emal edilir.\nBu m\u0259hsul Baba Zeytun markas\u0131n\u0131n dig\u0259r extra virgin zeytun ya\u011flar\u0131 il\u0259 eyni y\u00fcks\u0259k keyfiyy\u0259t\u0259 malikdir. F\u0259rq yaln\u0131z qabla\u015fd\u0131rma formas\u0131ndad\u0131r \u2014 m\u00fc\u015ft\u0259ril\u0259r\u0259 alternativ butulka dizayn\u0131 t\u0259qdim edilir, lakin dad v\u0259 keyfiyy\u0259t tam eyni qal\u0131r.<\/div>\n<div><\/div>\n<div><strong>M\u0259hsul X\u00fcsusiyy\u0259tl\u0259ri:<\/strong><\/div>\n<ul>\n<li>1 L \u2013 Yem\u0259k Bi\u015firm\u0259k \u00dc\u00e7\u00fcn: \u0130sti yem\u0259kl\u0259rin haz\u0131rlanmas\u0131 \u00fc\u00e7\u00fcn ideal, y\u00fcng\u00fcl v\u0259 dadl\u0131.<\/li>\n<li>N\u00f6v: Extra Virgin zeytun ya\u011f\u0131<\/li>\n<li>S\u0131x\u0131m \u00fcsulu: \u0130lk soyuq s\u0131x\u0131m<\/li>\n<li>Tur\u015fuluq: \u2264 0.6% (a\u015fa\u011f\u0131 tur\u015fuluq \u2014 y\u00fcks\u0259k keyfiyy\u0259t g\u00f6st\u0259ricisi)<\/li>\n<li>Dad profili: Y\u00fcng\u00fcl meyv\u0259 notlar\u0131 il\u0259 balansl\u0131 v\u0259 z\u0259rif dad<\/li>\n<li>R\u0259ng: T\u0259bii q\u0131z\u0131l\u0131-ya\u015f\u0131l<\/li>\n<li>M\u0259n\u015f\u0259: Az\u0259rbaycan<\/li>\n<\/ul>","protected":false},"featured_media":2867,"comment_status":"open","ping_status":"closed","template":"","meta":{"_eb_attr":"","_monsterinsights_skip_tracking":false,"_monsterinsights_sitenote_active":false,"_monsterinsights_sitenote_note":"","_monsterinsights_sitenote_category":0,"site-sidebar-layout":"default","site-content-layout":"","ast-site-content-layout":"default","site-content-style":"default","site-sidebar-style":"default","ast-global-header-display":"","ast-banner-title-visibility":"","ast-main-header-display":"","ast-hfb-above-header-display":"","ast-hfb-below-header-display":"","ast-hfb-mobile-header-display":"","site-post-title":"","ast-breadcrumbs-content":"","ast-featured-img":"","footer-sml-layout":"","ast-disable-related-posts":"","theme-transparent-header-meta":"default","adv-header-id-meta":"","stick-header-meta":"","header-above-stick-meta":"","header-main-stick-meta":"","header-below-stick-meta":"","astra-migrate-meta-layouts":"set","ast-page-background-enabled":"default","ast-page-background-meta":{"desktop":{"background-color":"var(--ast-global-color-5)","background-image":"","background-repeat":"repeat","background-position":"center center","background-size":"auto","background-attachment":"scroll","background-type":"","background-media":"","overlay-type":"","overlay-color":"","overlay-opacity":"","overlay-gradient":""},"tablet":{"background-color":"","background-image":"","background-repeat":"repeat","background-position":"center center","background-size":"auto","background-attachment":"scroll","background-type":"","background-media":"","overlay-type":"","overlay-color":"","overlay-opacity":"","overlay-gradient":""},"mobile":{"background-color":"","background-image":"","background-repeat":"repeat","background-position":"center center","background-size":"auto","background-attachment":"scroll","background-type":"","background-media":"","overlay-type":"","overlay-color":"","overlay-opacity":"","overlay-gradient":""}},"ast-content-background-meta":{"desktop":{"background-color":"var(--ast-global-color-4)","background-image":"","background-repeat":"repeat","background-position":"center center","background-size":"auto","background-attachment":"scroll","background-type":"","background-media":"","overlay-type":"","overlay-color":"","overlay-opacity":"","overlay-gradient":""},"tablet":{"background-color":"var(--ast-global-color-4)","background-image":"","background-repeat":"repeat","background-position":"center center","background-size":"auto","background-attachment":"scroll","background-type":"","background-media":"","overlay-type":"","overlay-color":"","overlay-opacity":"","overlay-gradient":""},"mobile":{"background-color":"var(--ast-global-color-4)","background-image":"","background-repeat":"repeat","background-position":"center center","background-size":"auto","background-attachment":"scroll","background-type":"","background-media":"","overlay-type":"","overlay-color":"","overlay-opacity":"","overlay-gradient":""}}},"product_brand":[],"product_cat":[18],"product_tag":[],"class_list":{"0":"post-2849","1":"product","2":"type-product","3":"status-publish","4":"has-post-thumbnail","6":"product_cat-baba-zeytun","7":"desktop-align-left","8":"tablet-align-left","9":"mobile-align-left","11":"first","12":"instock","13":"taxable","14":"shipping-taxable","15":"purchasable","16":"product-type-simple"},"yoast_head":"<!-- This site is optimized with the Yoast SEO plugin v27.4 - https:\/\/yoast.com\/product\/yoast-seo-wordpress\/ -->\n<title>Baba Zeytun Extra Virgin - Daily Pack - Baba Zeytun | Premium Azerbaijani Extra Virgin Olive Oil<\/title>\n<meta name=\"robots\" content=\"noindex, follow, max-snippet:-1, max-image-preview:large, max-video-preview:-1\" \/>\n<meta property=\"og:locale\" content=\"az_AZ\" \/>\n<meta property=\"og:type\" content=\"article\" \/>\n<meta property=\"og:title\" content=\"Baba Zeytun Extra Virgin - Daily Pack - Baba Zeytun | Premium Azerbaijani Extra Virgin Olive Oil\" \/>\n<meta property=\"og:description\" content=\"Discover the essence of pure, natural olive oil with Baba Zeytun Extra Virgin Olive Oil (1000 ml). Produced from carefully selected olives grown on our family estate, this oil is first cold-pressed to preserve its natural flavor, aroma, and nutritional value. The compact 1000 ml bottle is ideal for daily home use, gifting, or for customers who prefer freshness in smaller quantities.  Product Features   Volume: 1000 ml  Type: Extra Virgin Olive Oil  Extraction Method: First cold press  Acidity: Naturally low  Flavor Profile: Mildly fruity with a smooth, balanced finish  Color: Natural golden-green  Packaging: Dark glass bottle to protect from light\" \/>\n<meta property=\"og:url\" content=\"https:\/\/babazeytun.com\/az\/product\/baba-zeytun-extra-virgin-daily-pack\/\" \/>\n<meta property=\"og:site_name\" content=\"Baba Zeytun | Premium Azerbaijani Extra Virgin Olive Oil\" \/>\n<meta property=\"article:modified_time\" content=\"2026-04-15T03:28:02+00:00\" \/>\n<meta property=\"og:image\" content=\"https:\/\/babazeytun.com\/wp-content\/uploads\/2026\/04\/Extra-Virgin-Oil-Pack-scaled.png\" \/>\n\t<meta property=\"og:image:width\" content=\"2560\" \/>\n\t<meta property=\"og:image:height\" content=\"2560\" \/>\n\t<meta property=\"og:image:type\" content=\"image\/png\" \/>\n<meta name=\"twitter:card\" content=\"summary_large_image\" \/>\n<meta name=\"twitter:label1\" content=\"Est. reading time\" \/>\n\t<meta name=\"twitter:data1\" content=\"1 minute\" \/>\n<script type=\"application\/ld+json\" class=\"yoast-schema-graph\">{\"@context\":\"https:\\\/\\\/schema.org\",\"@graph\":[{\"@type\":\"WebPage\",\"@id\":\"https:\\\/\\\/babazeytun.com\\\/product\\\/baba-zeytun-extra-virgin-daily-pack\\\/\",\"url\":\"https:\\\/\\\/babazeytun.com\\\/product\\\/baba-zeytun-extra-virgin-daily-pack\\\/\",\"name\":\"Baba Zeytun Extra Virgin - Daily Pack - Baba Zeytun | Premium Azerbaijani Extra Virgin Olive Oil\",\"isPartOf\":{\"@id\":\"https:\\\/\\\/babazeytun.com\\\/#website\"},\"primaryImageOfPage\":{\"@id\":\"https:\\\/\\\/babazeytun.com\\\/product\\\/baba-zeytun-extra-virgin-daily-pack\\\/#primaryimage\"},\"image\":{\"@id\":\"https:\\\/\\\/babazeytun.com\\\/product\\\/baba-zeytun-extra-virgin-daily-pack\\\/#primaryimage\"},\"thumbnailUrl\":\"https:\\\/\\\/babazeytun.com\\\/wp-content\\\/uploads\\\/2026\\\/04\\\/Extra-Virgin-Oil-Pack-scaled.png\",\"datePublished\":\"2026-04-11T07:09:57+00:00\",\"dateModified\":\"2026-04-15T03:28:02+00:00\",\"breadcrumb\":{\"@id\":\"https:\\\/\\\/babazeytun.com\\\/product\\\/baba-zeytun-extra-virgin-daily-pack\\\/#breadcrumb\"},\"inLanguage\":\"az\",\"potentialAction\":[{\"@type\":\"ReadAction\",\"target\":[\"https:\\\/\\\/babazeytun.com\\\/product\\\/baba-zeytun-extra-virgin-daily-pack\\\/\"]}]},{\"@type\":\"ImageObject\",\"inLanguage\":\"az\",\"@id\":\"https:\\\/\\\/babazeytun.com\\\/product\\\/baba-zeytun-extra-virgin-daily-pack\\\/#primaryimage\",\"url\":\"https:\\\/\\\/babazeytun.com\\\/wp-content\\\/uploads\\\/2026\\\/04\\\/Extra-Virgin-Oil-Pack-scaled.png\",\"contentUrl\":\"https:\\\/\\\/babazeytun.com\\\/wp-content\\\/uploads\\\/2026\\\/04\\\/Extra-Virgin-Oil-Pack-scaled.png\",\"width\":2560,\"height\":2560},{\"@type\":\"BreadcrumbList\",\"@id\":\"https:\\\/\\\/babazeytun.com\\\/product\\\/baba-zeytun-extra-virgin-daily-pack\\\/#breadcrumb\",\"itemListElement\":[{\"@type\":\"ListItem\",\"position\":1,\"name\":\"Home\",\"item\":\"https:\\\/\\\/babazeytun.com\\\/\"},{\"@type\":\"ListItem\",\"position\":2,\"name\":\"Shop page\",\"item\":\"https:\\\/\\\/babazeytun.com\\\/products\\\/\"},{\"@type\":\"ListItem\",\"position\":3,\"name\":\"Baba Zeytun Extra Virgin &#8211; Daily Pack\"}]},{\"@type\":\"WebSite\",\"@id\":\"https:\\\/\\\/babazeytun.com\\\/#website\",\"url\":\"https:\\\/\\\/babazeytun.com\\\/\",\"name\":\"Baba Zeytun | Premium Azerbaijani Extra Virgin Olive Oil\",\"description\":\"\",\"publisher\":{\"@id\":\"https:\\\/\\\/babazeytun.com\\\/#organization\"},\"potentialAction\":[{\"@type\":\"SearchAction\",\"target\":{\"@type\":\"EntryPoint\",\"urlTemplate\":\"https:\\\/\\\/babazeytun.com\\\/?s={search_term_string}\"},\"query-input\":{\"@type\":\"PropertyValueSpecification\",\"valueRequired\":true,\"valueName\":\"search_term_string\"}}],\"inLanguage\":\"az\"},{\"@type\":\"Organization\",\"@id\":\"https:\\\/\\\/babazeytun.com\\\/#organization\",\"name\":\"Baba Zeytun | Premium Azerbaijani Extra Virgin Olive Oil\",\"url\":\"https:\\\/\\\/babazeytun.com\\\/\",\"logo\":{\"@type\":\"ImageObject\",\"inLanguage\":\"az\",\"@id\":\"https:\\\/\\\/babazeytun.com\\\/#\\\/schema\\\/logo\\\/image\\\/\",\"url\":\"https:\\\/\\\/babazeytun.com\\\/wp-content\\\/uploads\\\/2026\\\/04\\\/cropped-cropped-LOGO-transparrent-scaled-1-1.png\",\"contentUrl\":\"https:\\\/\\\/babazeytun.com\\\/wp-content\\\/uploads\\\/2026\\\/04\\\/cropped-cropped-LOGO-transparrent-scaled-1-1.png\",\"width\":512,\"height\":272,\"caption\":\"Baba Zeytun | Premium Azerbaijani Extra Virgin Olive Oil\"},\"image\":{\"@id\":\"https:\\\/\\\/babazeytun.com\\\/#\\\/schema\\\/logo\\\/image\\\/\"}}]}<\/script>\n<!-- \/ Yoast SEO plugin. -->","yoast_head_json":{"title":"Baba Zeytun Extra Virgin - Daily Pack - Baba Zeytun | Premium Azerbaijani Extra Virgin Olive Oil","robots":{"index":"noindex","follow":"follow","max-snippet":"max-snippet:-1","max-image-preview":"max-image-preview:large","max-video-preview":"max-video-preview:-1"},"og_locale":"az_AZ","og_type":"article","og_title":"Baba Zeytun Extra Virgin - Daily Pack - Baba Zeytun | Premium Azerbaijani Extra Virgin Olive Oil","og_description":"Discover the essence of pure, natural olive oil with Baba Zeytun Extra Virgin Olive Oil (1000 ml). Produced from carefully selected olives grown on our family estate, this oil is first cold-pressed to preserve its natural flavor, aroma, and nutritional value. The compact 1000 ml bottle is ideal for daily home use, gifting, or for customers who prefer freshness in smaller quantities.  Product Features   Volume: 1000 ml  Type: Extra Virgin Olive Oil  Extraction Method: First cold press  Acidity: Naturally low  Flavor Profile: Mildly fruity with a smooth, balanced finish  Color: Natural golden-green  Packaging: Dark glass bottle to protect from light","og_url":"https:\/\/babazeytun.com\/az\/product\/baba-zeytun-extra-virgin-daily-pack\/","og_site_name":"Baba Zeytun | Premium Azerbaijani Extra Virgin Olive Oil","article_modified_time":"2026-04-15T03:28:02+00:00","og_image":[{"width":2560,"height":2560,"url":"https:\/\/babazeytun.com\/wp-content\/uploads\/2026\/04\/Extra-Virgin-Oil-Pack-scaled.png","type":"image\/png"}],"twitter_card":"summary_large_image","twitter_misc":{"Est. reading time":"1 minute"},"schema":{"@context":"https:\/\/schema.org","@graph":[{"@type":"WebPage","@id":"https:\/\/babazeytun.com\/product\/baba-zeytun-extra-virgin-daily-pack\/","url":"https:\/\/babazeytun.com\/product\/baba-zeytun-extra-virgin-daily-pack\/","name":"Baba Zeytun Extra Virgin - Daily Pack - Baba Zeytun | Premium Azerbaijani Extra Virgin Olive Oil","isPartOf":{"@id":"https:\/\/babazeytun.com\/#website"},"primaryImageOfPage":{"@id":"https:\/\/babazeytun.com\/product\/baba-zeytun-extra-virgin-daily-pack\/#primaryimage"},"image":{"@id":"https:\/\/babazeytun.com\/product\/baba-zeytun-extra-virgin-daily-pack\/#primaryimage"},"thumbnailUrl":"https:\/\/babazeytun.com\/wp-content\/uploads\/2026\/04\/Extra-Virgin-Oil-Pack-scaled.png","datePublished":"2026-04-11T07:09:57+00:00","dateModified":"2026-04-15T03:28:02+00:00","breadcrumb":{"@id":"https:\/\/babazeytun.com\/product\/baba-zeytun-extra-virgin-daily-pack\/#breadcrumb"},"inLanguage":"az","potentialAction":[{"@type":"ReadAction","target":["https:\/\/babazeytun.com\/product\/baba-zeytun-extra-virgin-daily-pack\/"]}]},{"@type":"ImageObject","inLanguage":"az","@id":"https:\/\/babazeytun.com\/product\/baba-zeytun-extra-virgin-daily-pack\/#primaryimage","url":"https:\/\/babazeytun.com\/wp-content\/uploads\/2026\/04\/Extra-Virgin-Oil-Pack-scaled.png","contentUrl":"https:\/\/babazeytun.com\/wp-content\/uploads\/2026\/04\/Extra-Virgin-Oil-Pack-scaled.png","width":2560,"height":2560},{"@type":"BreadcrumbList","@id":"https:\/\/babazeytun.com\/product\/baba-zeytun-extra-virgin-daily-pack\/#breadcrumb","itemListElement":[{"@type":"ListItem","position":1,"name":"Home","item":"https:\/\/babazeytun.com\/"},{"@type":"ListItem","position":2,"name":"Shop page","item":"https:\/\/babazeytun.com\/products\/"},{"@type":"ListItem","position":3,"name":"Baba Zeytun Extra Virgin &#8211; Daily Pack"}]},{"@type":"WebSite","@id":"https:\/\/babazeytun.com\/#website","url":"https:\/\/babazeytun.com\/","name":"Baba Zeytun | Premium Az\u0259rbaycan Extra Virgin Zeytun Ya\u011f\u0131","description":"","publisher":{"@id":"https:\/\/babazeytun.com\/#organization"},"potentialAction":[{"@type":"SearchAction","target":{"@type":"EntryPoint","urlTemplate":"https:\/\/babazeytun.com\/?s={search_term_string}"},"query-input":{"@type":"PropertyValueSpecification","valueRequired":true,"valueName":"search_term_string"}}],"inLanguage":"az"},{"@type":"Organization","@id":"https:\/\/babazeytun.com\/#organization","name":"Baba Zeytun | Premium Az\u0259rbaycan Extra Virgin Zeytun Ya\u011f\u0131","url":"https:\/\/babazeytun.com\/","logo":{"@type":"ImageObject","inLanguage":"az","@id":"https:\/\/babazeytun.com\/#\/schema\/logo\/image\/","url":"https:\/\/babazeytun.com\/wp-content\/uploads\/2026\/04\/cropped-cropped-LOGO-transparrent-scaled-1-1.png","contentUrl":"https:\/\/babazeytun.com\/wp-content\/uploads\/2026\/04\/cropped-cropped-LOGO-transparrent-scaled-1-1.png","width":512,"height":272,"caption":"Baba Zeytun | Premium Azerbaijani Extra Virgin Olive Oil"},"image":{"@id":"https:\/\/babazeytun.com\/#\/schema\/logo\/image\/"}}]}},"_links":{"self":[{"href":"https:\/\/babazeytun.com\/az\/wp-json\/wp\/v2\/product\/2849","targetHints":{"allow":["GET"]}}],"collection":[{"href":"https:\/\/babazeytun.com\/az\/wp-json\/wp\/v2\/product"}],"about":[{"href":"https:\/\/babazeytun.com\/az\/wp-json\/wp\/v2\/types\/product"}],"replies":[{"embeddable":true,"href":"https:\/\/babazeytun.com\/az\/wp-json\/wp\/v2\/comments?post=2849"}],"wp:featuredmedia":[{"embeddable":true,"href":"https:\/\/babazeytun.com\/az\/wp-json\/wp\/v2\/media\/2867"}],"wp:attachment":[{"href":"https:\/\/babazeytun.com\/az\/wp-json\/wp\/v2\/media?parent=2849"}],"wp:term":[{"taxonomy":"product_brand","embeddable":true,"href":"https:\/\/babazeytun.com\/az\/wp-json\/wp\/v2\/product_brand?post=2849"},{"taxonomy":"product_cat","embeddable":true,"href":"https:\/\/babazeytun.com\/az\/wp-json\/wp\/v2\/product_cat?post=2849"},{"taxonomy":"product_tag","embeddable":true,"href":"https:\/\/babazeytun.com\/az\/wp-json\/wp\/v2\/product_tag?post=2849"}],"curies":[{"name":"wp","href":"https:\/\/api.w.org\/{rel}","templated":true}]}}