{"id":2690,"date":"2026-04-07T07:26:01","date_gmt":"2026-04-07T07:26:01","guid":{"rendered":"https:\/\/babazeytun.com\/?post_type=product&#038;p=2690"},"modified":"2026-04-16T17:33:20","modified_gmt":"2026-04-16T17:33:20","slug":"baba-zeytun-extra-virgin-olive-oil-5-l","status":"publish","type":"product","link":"https:\/\/babazeytun.com\/az\/product\/baba-zeytun-extra-virgin-olive-oil-5-l\/","title":{"rendered":"Baba Zeytun Extra Virgin Olive Oil &#8211; 5 L"},"content":{"rendered":"<div><strong>M\u0259hsul haqq\u0131nda<\/strong><\/div>\n<div>\n<p><span style=\"font-weight: 400;\">G\u00fcnd\u0259lik istifad\u0259 \u00fc\u00e7\u00fcn n\u0259z\u0259rd\u0259 tutulmu\u015f ail\u0259 paketl\u0259rimiz, eyni premium keyfiyy\u0259tli extra virgin zeytun ya\u011f\u0131n\u0131 daha s\u0259rf\u0259li h\u0259cmd\u0259 t\u0259qdim edir. \u00d6z ba\u011flar\u0131m\u0131zda yeti\u015fdiril\u0259n zeytunlardan \u0259ld\u0259 olunur v\u0259 ilk soyuq s\u0131x\u0131m \u00fcsulu il\u0259 haz\u0131rlanaraq t\u0259bii dad\u0131n\u0131, \u0259tirini v\u0259 qida d\u0259y\u0259rini qoruyur.<\/span><\/p>\n<\/div>\n<div><strong>M\u0259hsul haqq\u0131nda<\/strong><\/div>\n<div>\n<ul>\n<li style=\"font-weight: 400;\" aria-level=\"1\"><span style=\"font-weight: 400;\">H\u0259cm: 5 L<\/span><span style=\"font-weight: 400;\"><br \/>\n<\/span><\/li>\n<li style=\"font-weight: 400;\" aria-level=\"1\"><span style=\"font-weight: 400;\">N\u00f6v: Extra Virgin zeytun ya\u011f\u0131<\/span><span style=\"font-weight: 400;\"><br \/>\n<\/span><\/li>\n<li style=\"font-weight: 400;\" aria-level=\"1\"><span style=\"font-weight: 400;\">S\u0131x\u0131m \u00fcsulu: \u0130lk soyuq s\u0131x\u0131m<\/span><span style=\"font-weight: 400;\"><br \/>\n<\/span><\/li>\n<li style=\"font-weight: 400;\" aria-level=\"1\"><span style=\"font-weight: 400;\">Tur\u015fuluq: \u2264 0.6% (a\u015fa\u011f\u0131 tur\u015fuluq \u2014 y\u00fcks\u0259k keyfiyy\u0259t g\u00f6st\u0259ricisi)<\/span><\/li>\n<li style=\"font-weight: 400;\" aria-level=\"1\"><span style=\"font-weight: 400;\"><span style=\"font-size: 16px;\">Dad profili: Z\u0259rif, yum\u015faq v\u0259 balansl\u0131<\/span><br \/>\n<\/span><\/li>\n<li aria-level=\"1\" class=\"translation-block\">M\u0259n\u015f\u0259: Az\u0259rbaycan<\/li>\n<\/ul>\n<\/div>\n<div><strong>\u0130stifad\u0259 \u00fc\u00e7\u00fcn uy\u011fundur<\/strong><br \/>\n<span style=\"font-weight: 400;\">Daily cooking, frying, saut\u00e9ing, and traditional dishes. Ideal for medium household consumption.<\/span><\/div>\n<div><\/div>\n<div><strong>Qida D\u0259y\u0259rl\u0259ri (100 ml \u00fc\u00e7\u00fcn):<\/strong><\/div>\n<div>\u2022Enerji: 884 kkal \/ 3700 kJ<\/div>\n<div>\u2022Ya\u011f: 100 q<\/div>\n<div>\u2022Doymu\u015f ya\u011f: 14 q<\/div>\n<div>\u2022Karbohidratlar: 0 q<\/div>\n<div>\u2022\u015e\u0259k\u0259rl\u0259r: 0 q<\/div>\n<div>\u2022Z\u00fclal: 0 q<\/div>\n<div>\u2022Duz: 0 q<\/div>\n<div><\/div>\n<div><strong>Saxlama Qaydas\u0131:<\/strong><\/div>\n<div>S\u0259rin v\u0259 quru yerd\u0259, birba\u015fa g\u00fcn\u0259\u015f i\u015f\u0131\u011f\u0131ndan uzaqda saxlay\u0131n. \u0130stifad\u0259d\u0259n sonra qapa\u011f\u0131 m\u00f6hk\u0259m ba\u011flay\u0131n. Baba Zeytun \u2013 Eyni ya\u011f. Eyni keyfiyy\u0259t. F\u0259rqli qabla\u015fd\u0131rma.<\/div>","protected":false},"excerpt":{"rendered":"<div>G\u00fcnd\u0259lik istifad\u0259 \u00fc\u00e7\u00fcn n\u0259z\u0259rd\u0259 tutulmu\u015f ail\u0259 paketl\u0259rimiz, eyni premium keyfiyy\u0259tli extra virgin zeytun ya\u011f\u0131n\u0131 daha s\u0259rf\u0259li h\u0259cmd\u0259 t\u0259qdim edir. \u00d6z ba\u011flar\u0131m\u0131zda yeti\u015fdiril\u0259n zeytunlardan \u0259ld\u0259 olunur v\u0259 ilk soyuq s\u0131x\u0131m \u00fcsulu il\u0259 haz\u0131rlanaraq t\u0259bii dad\u0131n\u0131, \u0259tirini v\u0259 qida d\u0259y\u0259rini qoruyur.<\/div>\n<div><\/div>\n<div><strong>M\u0259hsul haqq\u0131nda<\/strong><\/div>\n<ul>\n<li>N\u00f6v: Extra Virgin zeytun ya\u011f\u0131<\/li>\n<li>S\u0131x\u0131m \u00fcsulu: \u0130lk soyuq s\u0131x\u0131m<\/li>\n<li>Tur\u015fuluq: \u2264 0.6% (a\u015fa\u011f\u0131 tur\u015fuluq \u2014 y\u00fcks\u0259k keyfiyy\u0259t g\u00f6st\u0259ricisi)<\/li>\n<li>Dad profili: Y\u00fcng\u00fcl meyv\u0259 notlar\u0131 il\u0259 balansl\u0131 v\u0259 z\u0259rif dad<\/li>\n<li>R\u0259ng: T\u0259bii q\u0131z\u0131l\u0131-ya\u015f\u0131l<\/li>\n<li>Qabla\u015fd\u0131rma: Qoruyucu etiketli \u015f\u0259ffaf \u015f\u00fc\u015f\u0259 butulka<\/li>\n<li class=\"translation-block\">M\u0259n\u015f\u0259: Az\u0259rbaycan<\/li>\n<\/ul>","protected":false},"featured_media":2873,"comment_status":"open","ping_status":"closed","template":"","meta":{"_eb_attr":"","_monsterinsights_skip_tracking":false,"_monsterinsights_sitenote_active":false,"_monsterinsights_sitenote_note":"","_monsterinsights_sitenote_category":0,"site-sidebar-layout":"default","site-content-layout":"","ast-site-content-layout":"default","site-content-style":"default","site-sidebar-style":"default","ast-global-header-display":"","ast-banner-title-visibility":"","ast-main-header-display":"","ast-hfb-above-header-display":"","ast-hfb-below-header-display":"","ast-hfb-mobile-header-display":"","site-post-title":"","ast-breadcrumbs-content":"","ast-featured-img":"","footer-sml-layout":"","ast-disable-related-posts":"","theme-transparent-header-meta":"default","adv-header-id-meta":"","stick-header-meta":"","header-above-stick-meta":"","header-main-stick-meta":"","header-below-stick-meta":"","astra-migrate-meta-layouts":"set","ast-page-background-enabled":"default","ast-page-background-meta":{"desktop":{"background-color":"var(--ast-global-color-5)","background-image":"","background-repeat":"repeat","background-position":"center center","background-size":"auto","background-attachment":"scroll","background-type":"","background-media":"","overlay-type":"","overlay-color":"","overlay-opacity":"","overlay-gradient":""},"tablet":{"background-color":"","background-image":"","background-repeat":"repeat","background-position":"center center","background-size":"auto","background-attachment":"scroll","background-type":"","background-media":"","overlay-type":"","overlay-color":"","overlay-opacity":"","overlay-gradient":""},"mobile":{"background-color":"","background-image":"","background-repeat":"repeat","background-position":"center center","background-size":"auto","background-attachment":"scroll","background-type":"","background-media":"","overlay-type":"","overlay-color":"","overlay-opacity":"","overlay-gradient":""}},"ast-content-background-meta":{"desktop":{"background-color":"var(--ast-global-color-4)","background-image":"","background-repeat":"repeat","background-position":"center center","background-size":"auto","background-attachment":"scroll","background-type":"","background-media":"","overlay-type":"","overlay-color":"","overlay-opacity":"","overlay-gradient":""},"tablet":{"background-color":"var(--ast-global-color-4)","background-image":"","background-repeat":"repeat","background-position":"center center","background-size":"auto","background-attachment":"scroll","background-type":"","background-media":"","overlay-type":"","overlay-color":"","overlay-opacity":"","overlay-gradient":""},"mobile":{"background-color":"var(--ast-global-color-4)","background-image":"","background-repeat":"repeat","background-position":"center center","background-size":"auto","background-attachment":"scroll","background-type":"","background-media":"","overlay-type":"","overlay-color":"","overlay-opacity":"","overlay-gradient":""}}},"product_brand":[],"product_cat":[18],"product_tag":[],"class_list":{"0":"post-2690","1":"product","2":"type-product","3":"status-publish","4":"has-post-thumbnail","6":"product_cat-baba-zeytun","7":"desktop-align-left","8":"tablet-align-left","9":"mobile-align-left","11":"first","12":"instock","13":"taxable","14":"shipping-taxable","15":"purchasable","16":"product-type-simple"},"yoast_head":"<!-- This site is optimized with the Yoast SEO plugin v27.4 - https:\/\/yoast.com\/product\/yoast-seo-wordpress\/ -->\n<title>Baba Zeytun Extra Virgin Olive Oil - 5 L - Baba Zeytun | Premium Azerbaijani Extra Virgin Olive Oil<\/title>\n<meta name=\"robots\" content=\"noindex, follow, max-snippet:-1, max-image-preview:large, max-video-preview:-1\" \/>\n<meta property=\"og:locale\" content=\"az_AZ\" \/>\n<meta property=\"og:type\" content=\"article\" \/>\n<meta property=\"og:title\" content=\"Baba Zeytun Extra Virgin Olive Oil - 5 L - Baba Zeytun | Premium Azerbaijani Extra Virgin Olive Oil\" \/>\n<meta property=\"og:description\" content=\"Baba Zeytun Extra Virgin Olive Oil is produced from carefully selected olives grown on our family-owned groves. The olives are harvested at optimal ripeness and first cold-pressed to preserve their natural aroma, flavor, and nutritional value. This product contains the same high-quality olive oil as all Baba Zeytun extra virgin olive oil variants. The difference lies only in the packaging format, offering customers an alternative bottle design while maintaining identical taste and quality.  Product Details   Type: Extra Virgin Olive Oil  Extraction: First cold press  Acidity: Naturally low  Flavor Profile: Mildly fruity with a smooth, balanced finish  Color: Natural golden-green  Packaging: Clear glass bottle with protective label  Origin: Azerbaijan\" \/>\n<meta property=\"og:url\" content=\"https:\/\/babazeytun.com\/az\/product\/baba-zeytun-extra-virgin-olive-oil-5-l\/\" \/>\n<meta property=\"og:site_name\" content=\"Baba Zeytun | Premium Azerbaijani Extra Virgin Olive Oil\" \/>\n<meta property=\"article:modified_time\" content=\"2026-04-16T17:33:20+00:00\" \/>\n<meta property=\"og:image\" content=\"https:\/\/babazeytun.com\/wp-content\/uploads\/2026\/04\/5-L-Extra-Virgin-Olive-Oil-1024x1024.png\" \/>\n\t<meta property=\"og:image:width\" content=\"1024\" \/>\n\t<meta property=\"og:image:height\" content=\"1024\" \/>\n\t<meta property=\"og:image:type\" content=\"image\/png\" \/>\n<meta name=\"twitter:card\" content=\"summary_large_image\" \/>\n<meta name=\"twitter:label1\" content=\"Est. reading time\" \/>\n\t<meta name=\"twitter:data1\" content=\"1 minute\" \/>\n<script type=\"application\/ld+json\" class=\"yoast-schema-graph\">{\"@context\":\"https:\\\/\\\/schema.org\",\"@graph\":[{\"@type\":\"WebPage\",\"@id\":\"https:\\\/\\\/babazeytun.com\\\/product\\\/baba-zeytun-extra-virgin-olive-oil-5-l\\\/\",\"url\":\"https:\\\/\\\/babazeytun.com\\\/product\\\/baba-zeytun-extra-virgin-olive-oil-5-l\\\/\",\"name\":\"Baba Zeytun Extra Virgin Olive Oil - 5 L - Baba Zeytun | Premium Azerbaijani Extra Virgin Olive Oil\",\"isPartOf\":{\"@id\":\"https:\\\/\\\/babazeytun.com\\\/#website\"},\"primaryImageOfPage\":{\"@id\":\"https:\\\/\\\/babazeytun.com\\\/product\\\/baba-zeytun-extra-virgin-olive-oil-5-l\\\/#primaryimage\"},\"image\":{\"@id\":\"https:\\\/\\\/babazeytun.com\\\/product\\\/baba-zeytun-extra-virgin-olive-oil-5-l\\\/#primaryimage\"},\"thumbnailUrl\":\"https:\\\/\\\/babazeytun.com\\\/wp-content\\\/uploads\\\/2026\\\/04\\\/5-L-Extra-Virgin-Olive-Oil-scaled.png\",\"datePublished\":\"2026-04-07T07:26:01+00:00\",\"dateModified\":\"2026-04-16T17:33:20+00:00\",\"breadcrumb\":{\"@id\":\"https:\\\/\\\/babazeytun.com\\\/product\\\/baba-zeytun-extra-virgin-olive-oil-5-l\\\/#breadcrumb\"},\"inLanguage\":\"az\",\"potentialAction\":[{\"@type\":\"ReadAction\",\"target\":[\"https:\\\/\\\/babazeytun.com\\\/product\\\/baba-zeytun-extra-virgin-olive-oil-5-l\\\/\"]}]},{\"@type\":\"ImageObject\",\"inLanguage\":\"az\",\"@id\":\"https:\\\/\\\/babazeytun.com\\\/product\\\/baba-zeytun-extra-virgin-olive-oil-5-l\\\/#primaryimage\",\"url\":\"https:\\\/\\\/babazeytun.com\\\/wp-content\\\/uploads\\\/2026\\\/04\\\/5-L-Extra-Virgin-Olive-Oil-scaled.png\",\"contentUrl\":\"https:\\\/\\\/babazeytun.com\\\/wp-content\\\/uploads\\\/2026\\\/04\\\/5-L-Extra-Virgin-Olive-Oil-scaled.png\",\"width\":2560,\"height\":2560},{\"@type\":\"BreadcrumbList\",\"@id\":\"https:\\\/\\\/babazeytun.com\\\/product\\\/baba-zeytun-extra-virgin-olive-oil-5-l\\\/#breadcrumb\",\"itemListElement\":[{\"@type\":\"ListItem\",\"position\":1,\"name\":\"Home\",\"item\":\"https:\\\/\\\/babazeytun.com\\\/\"},{\"@type\":\"ListItem\",\"position\":2,\"name\":\"Shop page\",\"item\":\"https:\\\/\\\/babazeytun.com\\\/products\\\/\"},{\"@type\":\"ListItem\",\"position\":3,\"name\":\"Baba Zeytun Extra Virgin Olive Oil &#8211; 5 L\"}]},{\"@type\":\"WebSite\",\"@id\":\"https:\\\/\\\/babazeytun.com\\\/#website\",\"url\":\"https:\\\/\\\/babazeytun.com\\\/\",\"name\":\"Baba Zeytun | Premium Azerbaijani Extra Virgin Olive Oil\",\"description\":\"\",\"publisher\":{\"@id\":\"https:\\\/\\\/babazeytun.com\\\/#organization\"},\"potentialAction\":[{\"@type\":\"SearchAction\",\"target\":{\"@type\":\"EntryPoint\",\"urlTemplate\":\"https:\\\/\\\/babazeytun.com\\\/?s={search_term_string}\"},\"query-input\":{\"@type\":\"PropertyValueSpecification\",\"valueRequired\":true,\"valueName\":\"search_term_string\"}}],\"inLanguage\":\"az\"},{\"@type\":\"Organization\",\"@id\":\"https:\\\/\\\/babazeytun.com\\\/#organization\",\"name\":\"Baba Zeytun | Premium Azerbaijani Extra Virgin Olive Oil\",\"url\":\"https:\\\/\\\/babazeytun.com\\\/\",\"logo\":{\"@type\":\"ImageObject\",\"inLanguage\":\"az\",\"@id\":\"https:\\\/\\\/babazeytun.com\\\/#\\\/schema\\\/logo\\\/image\\\/\",\"url\":\"https:\\\/\\\/babazeytun.com\\\/wp-content\\\/uploads\\\/2026\\\/04\\\/cropped-cropped-LOGO-transparrent-scaled-1-1.png\",\"contentUrl\":\"https:\\\/\\\/babazeytun.com\\\/wp-content\\\/uploads\\\/2026\\\/04\\\/cropped-cropped-LOGO-transparrent-scaled-1-1.png\",\"width\":512,\"height\":272,\"caption\":\"Baba Zeytun | Premium Azerbaijani Extra Virgin Olive Oil\"},\"image\":{\"@id\":\"https:\\\/\\\/babazeytun.com\\\/#\\\/schema\\\/logo\\\/image\\\/\"}}]}<\/script>\n<!-- \/ Yoast SEO plugin. -->","yoast_head_json":{"title":"Baba Zeytun Extra Virgin Olive Oil - 5 L - Baba Zeytun | Premium Azerbaijani Extra Virgin Olive Oil","robots":{"index":"noindex","follow":"follow","max-snippet":"max-snippet:-1","max-image-preview":"max-image-preview:large","max-video-preview":"max-video-preview:-1"},"og_locale":"az_AZ","og_type":"article","og_title":"Baba Zeytun Extra Virgin Olive Oil - 5 L - Baba Zeytun | Premium Azerbaijani Extra Virgin Olive Oil","og_description":"Baba Zeytun Extra Virgin Olive Oil is produced from carefully selected olives grown on our family-owned groves. The olives are harvested at optimal ripeness and first cold-pressed to preserve their natural aroma, flavor, and nutritional value. This product contains the same high-quality olive oil as all Baba Zeytun extra virgin olive oil variants. The difference lies only in the packaging format, offering customers an alternative bottle design while maintaining identical taste and quality.  Product Details   Type: Extra Virgin Olive Oil  Extraction: First cold press  Acidity: Naturally low  Flavor Profile: Mildly fruity with a smooth, balanced finish  Color: Natural golden-green  Packaging: Clear glass bottle with protective label  Origin: Azerbaijan","og_url":"https:\/\/babazeytun.com\/az\/product\/baba-zeytun-extra-virgin-olive-oil-5-l\/","og_site_name":"Baba Zeytun | Premium Azerbaijani Extra Virgin Olive Oil","article_modified_time":"2026-04-16T17:33:20+00:00","og_image":[{"width":1024,"height":1024,"url":"https:\/\/babazeytun.com\/wp-content\/uploads\/2026\/04\/5-L-Extra-Virgin-Olive-Oil-1024x1024.png","type":"image\/png"}],"twitter_card":"summary_large_image","twitter_misc":{"Est. reading time":"1 minute"},"schema":{"@context":"https:\/\/schema.org","@graph":[{"@type":"WebPage","@id":"https:\/\/babazeytun.com\/product\/baba-zeytun-extra-virgin-olive-oil-5-l\/","url":"https:\/\/babazeytun.com\/product\/baba-zeytun-extra-virgin-olive-oil-5-l\/","name":"Baba Zeytun Extra Virgin Olive Oil - 5 L - Baba Zeytun | Premium Azerbaijani Extra Virgin Olive Oil","isPartOf":{"@id":"https:\/\/babazeytun.com\/#website"},"primaryImageOfPage":{"@id":"https:\/\/babazeytun.com\/product\/baba-zeytun-extra-virgin-olive-oil-5-l\/#primaryimage"},"image":{"@id":"https:\/\/babazeytun.com\/product\/baba-zeytun-extra-virgin-olive-oil-5-l\/#primaryimage"},"thumbnailUrl":"https:\/\/babazeytun.com\/wp-content\/uploads\/2026\/04\/5-L-Extra-Virgin-Olive-Oil-scaled.png","datePublished":"2026-04-07T07:26:01+00:00","dateModified":"2026-04-16T17:33:20+00:00","breadcrumb":{"@id":"https:\/\/babazeytun.com\/product\/baba-zeytun-extra-virgin-olive-oil-5-l\/#breadcrumb"},"inLanguage":"az","potentialAction":[{"@type":"ReadAction","target":["https:\/\/babazeytun.com\/product\/baba-zeytun-extra-virgin-olive-oil-5-l\/"]}]},{"@type":"ImageObject","inLanguage":"az","@id":"https:\/\/babazeytun.com\/product\/baba-zeytun-extra-virgin-olive-oil-5-l\/#primaryimage","url":"https:\/\/babazeytun.com\/wp-content\/uploads\/2026\/04\/5-L-Extra-Virgin-Olive-Oil-scaled.png","contentUrl":"https:\/\/babazeytun.com\/wp-content\/uploads\/2026\/04\/5-L-Extra-Virgin-Olive-Oil-scaled.png","width":2560,"height":2560},{"@type":"BreadcrumbList","@id":"https:\/\/babazeytun.com\/product\/baba-zeytun-extra-virgin-olive-oil-5-l\/#breadcrumb","itemListElement":[{"@type":"ListItem","position":1,"name":"Home","item":"https:\/\/babazeytun.com\/"},{"@type":"ListItem","position":2,"name":"Shop page","item":"https:\/\/babazeytun.com\/products\/"},{"@type":"ListItem","position":3,"name":"Baba Zeytun Extra Virgin Olive Oil &#8211; 5 L"}]},{"@type":"WebSite","@id":"https:\/\/babazeytun.com\/#website","url":"https:\/\/babazeytun.com\/","name":"Baba Zeytun | Premium Az\u0259rbaycan Extra Virgin Zeytun Ya\u011f\u0131","description":"","publisher":{"@id":"https:\/\/babazeytun.com\/#organization"},"potentialAction":[{"@type":"SearchAction","target":{"@type":"EntryPoint","urlTemplate":"https:\/\/babazeytun.com\/?s={search_term_string}"},"query-input":{"@type":"PropertyValueSpecification","valueRequired":true,"valueName":"search_term_string"}}],"inLanguage":"az"},{"@type":"Organization","@id":"https:\/\/babazeytun.com\/#organization","name":"Baba Zeytun | Premium Az\u0259rbaycan Extra Virgin Zeytun Ya\u011f\u0131","url":"https:\/\/babazeytun.com\/","logo":{"@type":"ImageObject","inLanguage":"az","@id":"https:\/\/babazeytun.com\/#\/schema\/logo\/image\/","url":"https:\/\/babazeytun.com\/wp-content\/uploads\/2026\/04\/cropped-cropped-LOGO-transparrent-scaled-1-1.png","contentUrl":"https:\/\/babazeytun.com\/wp-content\/uploads\/2026\/04\/cropped-cropped-LOGO-transparrent-scaled-1-1.png","width":512,"height":272,"caption":"Baba Zeytun | Premium Azerbaijani Extra Virgin Olive Oil"},"image":{"@id":"https:\/\/babazeytun.com\/#\/schema\/logo\/image\/"}}]}},"_links":{"self":[{"href":"https:\/\/babazeytun.com\/az\/wp-json\/wp\/v2\/product\/2690","targetHints":{"allow":["GET"]}}],"collection":[{"href":"https:\/\/babazeytun.com\/az\/wp-json\/wp\/v2\/product"}],"about":[{"href":"https:\/\/babazeytun.com\/az\/wp-json\/wp\/v2\/types\/product"}],"replies":[{"embeddable":true,"href":"https:\/\/babazeytun.com\/az\/wp-json\/wp\/v2\/comments?post=2690"}],"wp:featuredmedia":[{"embeddable":true,"href":"https:\/\/babazeytun.com\/az\/wp-json\/wp\/v2\/media\/2873"}],"wp:attachment":[{"href":"https:\/\/babazeytun.com\/az\/wp-json\/wp\/v2\/media?parent=2690"}],"wp:term":[{"taxonomy":"product_brand","embeddable":true,"href":"https:\/\/babazeytun.com\/az\/wp-json\/wp\/v2\/product_brand?post=2690"},{"taxonomy":"product_cat","embeddable":true,"href":"https:\/\/babazeytun.com\/az\/wp-json\/wp\/v2\/product_cat?post=2690"},{"taxonomy":"product_tag","embeddable":true,"href":"https:\/\/babazeytun.com\/az\/wp-json\/wp\/v2\/product_tag?post=2690"}],"curies":[{"name":"wp","href":"https:\/\/api.w.org\/{rel}","templated":true}]}}