{"id":1982,"date":"2026-01-17T17:30:06","date_gmt":"2026-01-17T17:30:06","guid":{"rendered":"https:\/\/babazeytun.com\/?post_type=product&#038;p=1982"},"modified":"2026-04-14T15:22:20","modified_gmt":"2026-04-14T15:22:20","slug":"yasil-tursu-zeytun-3-kq","status":"publish","type":"product","link":"https:\/\/babazeytun.com\/az\/product\/green-pickled-olives-3-kg\/","title":{"rendered":"Ya\u015f\u0131l Tur\u015fu Zeytun \u2013 3 kq"},"content":{"rendered":"<h2>Nec\u0259 istifad\u0259 etm\u0259li<\/h2>\n<div><\/div>\n<ul>\n<li>M\u00fck\u0259mm\u0259ldir:<\/li>\n<li>S\u0259h\u0259r yem\u0259yi masalar\u0131<\/li>\n<li>Salatlar v\u0259 mezze bo\u015fqablar\u0131<\/li>\n<li>Yan yem\u0259kl\u0259r<\/li>\n<li>Restoran v\u0259 ia\u015f\u0259 xidm\u0259ti<\/li>\n<\/ul>\n<div><\/div>\n<div><strong><em>Saxlama Qaydas\u0131:<\/em><\/strong><\/div>\n<div>S\u0259rin v\u0259 quru yerd\u0259 saxlay\u0131n.<\/div>\n<div>A\u00e7\u0131ld\u0131qdan sonra soyuducuda saxlay\u0131n v\u0259 zeytunlar\u0131n duzlu su il\u0259 \u00f6rt\u00fclm\u00fc\u015f oldu\u011fundan \u0259min olun.<\/div>\n<div>Baba Zeytun \u2013 \u018fn\u0259n\u0259vi dad, etibarl\u0131 keyfiyy\u0259t.<\/div>","protected":false},"excerpt":{"rendered":"<div><strong>M\u0259hsul X\u00fcsusiyy\u0259tl\u0259ri:<\/strong><\/div>\n<ul>\n<li>Xalis \u00e7\u0259ki: 3 kq<\/li>\n<li>N\u00f6v\u00fc: Ya\u015f\u0131l zeytun<\/li>\n<li>Teksturas\u0131: B\u0259rk v\u0259 \u0259tli<\/li>\n<li>Dad\u0131: T\u0259bii zeytun dad\u0131 il\u0259 y\u00fcng\u00fcl duzlu<\/li>\n<li>Emal: T\u0259bii fermentasiya olunmu\u015f<\/li>\n<li>Qabla\u015fd\u0131rma: T\u0259rav\u0259t v\u0259 keyfiyy\u0259tin qorunmas\u0131 \u00fc\u00e7\u00fcn \u015f\u00fc\u015f\u0259 banka<\/li>\n<\/ul>","protected":false},"featured_media":2854,"comment_status":"open","ping_status":"closed","template":"","meta":{"_eb_attr":"","_monsterinsights_skip_tracking":false,"_monsterinsights_sitenote_active":false,"_monsterinsights_sitenote_note":"","_monsterinsights_sitenote_category":0,"site-sidebar-layout":"default","site-content-layout":"","ast-site-content-layout":"default","site-content-style":"default","site-sidebar-style":"default","ast-global-header-display":"","ast-banner-title-visibility":"","ast-main-header-display":"","ast-hfb-above-header-display":"","ast-hfb-below-header-display":"","ast-hfb-mobile-header-display":"","site-post-title":"","ast-breadcrumbs-content":"","ast-featured-img":"","footer-sml-layout":"","ast-disable-related-posts":"","theme-transparent-header-meta":"default","adv-header-id-meta":"","stick-header-meta":"","header-above-stick-meta":"","header-main-stick-meta":"","header-below-stick-meta":"","astra-migrate-meta-layouts":"set","ast-page-background-enabled":"default","ast-page-background-meta":{"desktop":{"background-color":"var(--ast-global-color-5)","background-image":"","background-repeat":"repeat","background-position":"center center","background-size":"auto","background-attachment":"scroll","background-type":"","background-media":"","overlay-type":"","overlay-color":"","overlay-opacity":"","overlay-gradient":""},"tablet":{"background-color":"","background-image":"","background-repeat":"repeat","background-position":"center center","background-size":"auto","background-attachment":"scroll","background-type":"","background-media":"","overlay-type":"","overlay-color":"","overlay-opacity":"","overlay-gradient":""},"mobile":{"background-color":"","background-image":"","background-repeat":"repeat","background-position":"center center","background-size":"auto","background-attachment":"scroll","background-type":"","background-media":"","overlay-type":"","overlay-color":"","overlay-opacity":"","overlay-gradient":""}},"ast-content-background-meta":{"desktop":{"background-color":"var(--ast-global-color-4)","background-image":"","background-repeat":"repeat","background-position":"center center","background-size":"auto","background-attachment":"scroll","background-type":"","background-media":"","overlay-type":"","overlay-color":"","overlay-opacity":"","overlay-gradient":""},"tablet":{"background-color":"var(--ast-global-color-4)","background-image":"","background-repeat":"repeat","background-position":"center center","background-size":"auto","background-attachment":"scroll","background-type":"","background-media":"","overlay-type":"","overlay-color":"","overlay-opacity":"","overlay-gradient":""},"mobile":{"background-color":"var(--ast-global-color-4)","background-image":"","background-repeat":"repeat","background-position":"center center","background-size":"auto","background-attachment":"scroll","background-type":"","background-media":"","overlay-type":"","overlay-color":"","overlay-opacity":"","overlay-gradient":""}}},"product_brand":[],"product_cat":[18],"product_tag":[],"class_list":{"0":"post-1982","1":"product","2":"type-product","3":"status-publish","4":"has-post-thumbnail","6":"product_cat-baba-zeytun","7":"desktop-align-left","8":"tablet-align-left","9":"mobile-align-left","11":"first","12":"instock","13":"taxable","14":"shipping-taxable","15":"purchasable","16":"product-type-simple"},"yoast_head":"<!-- This site is optimized with the Yoast SEO plugin v27.4 - https:\/\/yoast.com\/product\/yoast-seo-wordpress\/ -->\n<title>Green Pickled Olives - 3 kg - Baba Zeytun | Premium Azerbaijani Extra Virgin Olive Oil<\/title>\n<meta name=\"robots\" content=\"noindex, follow, max-snippet:-1, max-image-preview:large, max-video-preview:-1\" \/>\n<meta property=\"og:locale\" content=\"az_AZ\" \/>\n<meta property=\"og:type\" content=\"article\" \/>\n<meta property=\"og:title\" content=\"Green Pickled Olives - 3 kg - Baba Zeytun | Premium Azerbaijani Extra Virgin Olive Oil\" \/>\n<meta property=\"og:description\" content=\"Product Features   Net Weight: 3 kg  Type: Green olives (pickled)  Texture: Firm and meaty  Taste: Mildly salty with a natural olive flavor  Processing: Naturally fermented  Packaging: Glass jar for freshness and quality preservation\" \/>\n<meta property=\"og:url\" content=\"https:\/\/babazeytun.com\/az\/product\/yasil-tursu-zeytun-3-kq\/\" \/>\n<meta property=\"og:site_name\" content=\"Baba Zeytun | Premium Azerbaijani Extra Virgin Olive Oil\" \/>\n<meta property=\"article:modified_time\" content=\"2026-04-14T15:22:20+00:00\" \/>\n<meta property=\"og:image\" content=\"https:\/\/babazeytun.com\/wp-content\/uploads\/2026\/01\/Tursu.png\" \/>\n\t<meta property=\"og:image:width\" content=\"1536\" \/>\n\t<meta property=\"og:image:height\" content=\"1024\" \/>\n\t<meta property=\"og:image:type\" content=\"image\/png\" \/>\n<meta name=\"twitter:card\" content=\"summary_large_image\" \/>\n<meta name=\"twitter:label1\" content=\"Est. reading time\" \/>\n\t<meta name=\"twitter:data1\" content=\"1 minute\" \/>\n<script type=\"application\/ld+json\" class=\"yoast-schema-graph\">{\"@context\":\"https:\\\/\\\/schema.org\",\"@graph\":[{\"@type\":\"WebPage\",\"@id\":\"https:\\\/\\\/babazeytun.com\\\/product\\\/green-pickled-olives-3-kg\\\/\",\"url\":\"https:\\\/\\\/babazeytun.com\\\/product\\\/green-pickled-olives-3-kg\\\/\",\"name\":\"Green Pickled Olives - 3 kg - Baba Zeytun | Premium Azerbaijani Extra Virgin Olive Oil\",\"isPartOf\":{\"@id\":\"https:\\\/\\\/babazeytun.com\\\/#website\"},\"primaryImageOfPage\":{\"@id\":\"https:\\\/\\\/babazeytun.com\\\/product\\\/green-pickled-olives-3-kg\\\/#primaryimage\"},\"image\":{\"@id\":\"https:\\\/\\\/babazeytun.com\\\/product\\\/green-pickled-olives-3-kg\\\/#primaryimage\"},\"thumbnailUrl\":\"https:\\\/\\\/babazeytun.com\\\/wp-content\\\/uploads\\\/2026\\\/01\\\/Tursu.png\",\"datePublished\":\"2026-01-17T17:30:06+00:00\",\"dateModified\":\"2026-04-14T15:22:20+00:00\",\"breadcrumb\":{\"@id\":\"https:\\\/\\\/babazeytun.com\\\/product\\\/green-pickled-olives-3-kg\\\/#breadcrumb\"},\"inLanguage\":\"az\",\"potentialAction\":[{\"@type\":\"ReadAction\",\"target\":[\"https:\\\/\\\/babazeytun.com\\\/product\\\/green-pickled-olives-3-kg\\\/\"]}]},{\"@type\":\"ImageObject\",\"inLanguage\":\"az\",\"@id\":\"https:\\\/\\\/babazeytun.com\\\/product\\\/green-pickled-olives-3-kg\\\/#primaryimage\",\"url\":\"https:\\\/\\\/babazeytun.com\\\/wp-content\\\/uploads\\\/2026\\\/01\\\/Tursu.png\",\"contentUrl\":\"https:\\\/\\\/babazeytun.com\\\/wp-content\\\/uploads\\\/2026\\\/01\\\/Tursu.png\",\"width\":1536,\"height\":1024},{\"@type\":\"BreadcrumbList\",\"@id\":\"https:\\\/\\\/babazeytun.com\\\/product\\\/green-pickled-olives-3-kg\\\/#breadcrumb\",\"itemListElement\":[{\"@type\":\"ListItem\",\"position\":1,\"name\":\"Home\",\"item\":\"https:\\\/\\\/babazeytun.com\\\/\"},{\"@type\":\"ListItem\",\"position\":2,\"name\":\"Shop page\",\"item\":\"https:\\\/\\\/babazeytun.com\\\/products\\\/\"},{\"@type\":\"ListItem\",\"position\":3,\"name\":\"Green Pickled Olives &#8211; 3 kg\"}]},{\"@type\":\"WebSite\",\"@id\":\"https:\\\/\\\/babazeytun.com\\\/#website\",\"url\":\"https:\\\/\\\/babazeytun.com\\\/\",\"name\":\"Baba Zeytun | Premium Azerbaijani Extra Virgin Olive Oil\",\"description\":\"\",\"publisher\":{\"@id\":\"https:\\\/\\\/babazeytun.com\\\/#organization\"},\"potentialAction\":[{\"@type\":\"SearchAction\",\"target\":{\"@type\":\"EntryPoint\",\"urlTemplate\":\"https:\\\/\\\/babazeytun.com\\\/?s={search_term_string}\"},\"query-input\":{\"@type\":\"PropertyValueSpecification\",\"valueRequired\":true,\"valueName\":\"search_term_string\"}}],\"inLanguage\":\"az\"},{\"@type\":\"Organization\",\"@id\":\"https:\\\/\\\/babazeytun.com\\\/#organization\",\"name\":\"Baba Zeytun | Premium Azerbaijani Extra Virgin Olive Oil\",\"url\":\"https:\\\/\\\/babazeytun.com\\\/\",\"logo\":{\"@type\":\"ImageObject\",\"inLanguage\":\"az\",\"@id\":\"https:\\\/\\\/babazeytun.com\\\/#\\\/schema\\\/logo\\\/image\\\/\",\"url\":\"https:\\\/\\\/babazeytun.com\\\/wp-content\\\/uploads\\\/2026\\\/04\\\/cropped-cropped-LOGO-transparrent-scaled-1-1.png\",\"contentUrl\":\"https:\\\/\\\/babazeytun.com\\\/wp-content\\\/uploads\\\/2026\\\/04\\\/cropped-cropped-LOGO-transparrent-scaled-1-1.png\",\"width\":512,\"height\":272,\"caption\":\"Baba Zeytun | Premium Azerbaijani Extra Virgin Olive Oil\"},\"image\":{\"@id\":\"https:\\\/\\\/babazeytun.com\\\/#\\\/schema\\\/logo\\\/image\\\/\"}}]}<\/script>\n<!-- \/ Yoast SEO plugin. -->","yoast_head_json":{"title":"Green Pickled Olives - 3 kg - Baba Zeytun | Premium Azerbaijani Extra Virgin Olive Oil","robots":{"index":"noindex","follow":"follow","max-snippet":"max-snippet:-1","max-image-preview":"max-image-preview:large","max-video-preview":"max-video-preview:-1"},"og_locale":"az_AZ","og_type":"article","og_title":"Green Pickled Olives - 3 kg - Baba Zeytun | Premium Azerbaijani Extra Virgin Olive Oil","og_description":"Product Features   Net Weight: 3 kg  Type: Green olives (pickled)  Texture: Firm and meaty  Taste: Mildly salty with a natural olive flavor  Processing: Naturally fermented  Packaging: Glass jar for freshness and quality preservation","og_url":"https:\/\/babazeytun.com\/az\/product\/yasil-tursu-zeytun-3-kq\/","og_site_name":"Baba Zeytun | Premium Azerbaijani Extra Virgin Olive Oil","article_modified_time":"2026-04-14T15:22:20+00:00","og_image":[{"width":1536,"height":1024,"url":"https:\/\/babazeytun.com\/wp-content\/uploads\/2026\/01\/Tursu.png","type":"image\/png"}],"twitter_card":"summary_large_image","twitter_misc":{"Est. reading time":"1 minute"},"schema":{"@context":"https:\/\/schema.org","@graph":[{"@type":"WebPage","@id":"https:\/\/babazeytun.com\/product\/green-pickled-olives-3-kg\/","url":"https:\/\/babazeytun.com\/product\/green-pickled-olives-3-kg\/","name":"Green Pickled Olives - 3 kg - Baba Zeytun | Premium Azerbaijani Extra Virgin Olive Oil","isPartOf":{"@id":"https:\/\/babazeytun.com\/#website"},"primaryImageOfPage":{"@id":"https:\/\/babazeytun.com\/product\/green-pickled-olives-3-kg\/#primaryimage"},"image":{"@id":"https:\/\/babazeytun.com\/product\/green-pickled-olives-3-kg\/#primaryimage"},"thumbnailUrl":"https:\/\/babazeytun.com\/wp-content\/uploads\/2026\/01\/Tursu.png","datePublished":"2026-01-17T17:30:06+00:00","dateModified":"2026-04-14T15:22:20+00:00","breadcrumb":{"@id":"https:\/\/babazeytun.com\/product\/green-pickled-olives-3-kg\/#breadcrumb"},"inLanguage":"az","potentialAction":[{"@type":"ReadAction","target":["https:\/\/babazeytun.com\/product\/green-pickled-olives-3-kg\/"]}]},{"@type":"ImageObject","inLanguage":"az","@id":"https:\/\/babazeytun.com\/product\/green-pickled-olives-3-kg\/#primaryimage","url":"https:\/\/babazeytun.com\/wp-content\/uploads\/2026\/01\/Tursu.png","contentUrl":"https:\/\/babazeytun.com\/wp-content\/uploads\/2026\/01\/Tursu.png","width":1536,"height":1024},{"@type":"BreadcrumbList","@id":"https:\/\/babazeytun.com\/product\/green-pickled-olives-3-kg\/#breadcrumb","itemListElement":[{"@type":"ListItem","position":1,"name":"Home","item":"https:\/\/babazeytun.com\/"},{"@type":"ListItem","position":2,"name":"Shop page","item":"https:\/\/babazeytun.com\/products\/"},{"@type":"ListItem","position":3,"name":"Green Pickled Olives &#8211; 3 kg"}]},{"@type":"WebSite","@id":"https:\/\/babazeytun.com\/#website","url":"https:\/\/babazeytun.com\/","name":"Baba Zeytun | Premium Az\u0259rbaycan Extra Virgin Zeytun Ya\u011f\u0131","description":"","publisher":{"@id":"https:\/\/babazeytun.com\/#organization"},"potentialAction":[{"@type":"SearchAction","target":{"@type":"EntryPoint","urlTemplate":"https:\/\/babazeytun.com\/?s={search_term_string}"},"query-input":{"@type":"PropertyValueSpecification","valueRequired":true,"valueName":"search_term_string"}}],"inLanguage":"az"},{"@type":"Organization","@id":"https:\/\/babazeytun.com\/#organization","name":"Baba Zeytun | Premium Az\u0259rbaycan Extra Virgin Zeytun Ya\u011f\u0131","url":"https:\/\/babazeytun.com\/","logo":{"@type":"ImageObject","inLanguage":"az","@id":"https:\/\/babazeytun.com\/#\/schema\/logo\/image\/","url":"https:\/\/babazeytun.com\/wp-content\/uploads\/2026\/04\/cropped-cropped-LOGO-transparrent-scaled-1-1.png","contentUrl":"https:\/\/babazeytun.com\/wp-content\/uploads\/2026\/04\/cropped-cropped-LOGO-transparrent-scaled-1-1.png","width":512,"height":272,"caption":"Baba Zeytun | Premium Azerbaijani Extra Virgin Olive Oil"},"image":{"@id":"https:\/\/babazeytun.com\/#\/schema\/logo\/image\/"}}]}},"_links":{"self":[{"href":"https:\/\/babazeytun.com\/az\/wp-json\/wp\/v2\/product\/1982","targetHints":{"allow":["GET"]}}],"collection":[{"href":"https:\/\/babazeytun.com\/az\/wp-json\/wp\/v2\/product"}],"about":[{"href":"https:\/\/babazeytun.com\/az\/wp-json\/wp\/v2\/types\/product"}],"replies":[{"embeddable":true,"href":"https:\/\/babazeytun.com\/az\/wp-json\/wp\/v2\/comments?post=1982"}],"wp:featuredmedia":[{"embeddable":true,"href":"https:\/\/babazeytun.com\/az\/wp-json\/wp\/v2\/media\/2854"}],"wp:attachment":[{"href":"https:\/\/babazeytun.com\/az\/wp-json\/wp\/v2\/media?parent=1982"}],"wp:term":[{"taxonomy":"product_brand","embeddable":true,"href":"https:\/\/babazeytun.com\/az\/wp-json\/wp\/v2\/product_brand?post=1982"},{"taxonomy":"product_cat","embeddable":true,"href":"https:\/\/babazeytun.com\/az\/wp-json\/wp\/v2\/product_cat?post=1982"},{"taxonomy":"product_tag","embeddable":true,"href":"https:\/\/babazeytun.com\/az\/wp-json\/wp\/v2\/product_tag?post=1982"}],"curies":[{"name":"wp","href":"https:\/\/api.w.org\/{rel}","templated":true}]}}