{"id":1303,"date":"2026-01-09T16:43:06","date_gmt":"2026-01-09T16:43:06","guid":{"rendered":"https:\/\/babazeytun.com\/?post_type=product&#038;p=1303"},"modified":"2026-04-15T03:28:53","modified_gmt":"2026-04-15T03:28:53","slug":"%c9%99lav%c9%99-bakir%c9%99-zeytun-yagi-3","status":"publish","type":"product","link":"https:\/\/babazeytun.com\/az\/product\/extra-virgin-olive-oil-3\/","title":{"rendered":"Baba Zeytun Extra Virgin Zeytun Ya\u011f\u0131 (Qara) \u2013 250 ml"},"content":{"rendered":"<div>Baba Zeytun Extra Virgin Zeytun Ya\u011f\u0131 (250 ml) il\u0259 t\u0259bii v\u0259 saf zeytun ya\u011f\u0131n\u0131n \u0259sl dad\u0131n\u0131 k\u0259\u015ff edin. Ail\u0259 ba\u011flar\u0131m\u0131zda yeti\u015fdiril\u0259n, diqq\u0259tl\u0259 se\u00e7ilmi\u015f zeytunlardan istehsal olunan bu ya\u011f, t\u0259bii dad\u0131n\u0131, \u0259tirini v\u0259 qida d\u0259y\u0259rini qorumaq \u00fc\u00e7\u00fcn ilk soyuq s\u0131x\u0131m \u00fcsulu il\u0259 \u0259ld\u0259 olunur. 250 ml-lik \u015f\u00fc\u015f\u0259 qab g\u00fcnd\u0259lik istifad\u0259, h\u0259diyy\u0259 v\u0259 ya daha ki\u00e7ik h\u0259cmd\u0259 t\u0259z\u0259liy\u0259 \u00fcst\u00fcnl\u00fck ver\u0259n m\u00fc\u015ft\u0259ril\u0259r \u00fc\u00e7\u00fcn ideald\u0131r.<\/div>\n<div><\/div>\n<div><strong>M\u0259hsul X\u00fcsusiyy\u0259tl\u0259ri:<\/strong><\/div>\n<ul>\n<li>H\u0259cm: 250 ml<\/li>\n<li>N\u00f6v: Extra Virgin zeytun ya\u011f\u0131<\/li>\n<li>S\u0131x\u0131m \u00fcsulu: \u0130lk soyuq s\u0131x\u0131m<\/li>\n<li>Tur\u015fuluq: \u2264 0.6% (a\u015fa\u011f\u0131 tur\u015fuluq \u2014 y\u00fcks\u0259k keyfiyy\u0259t g\u00f6st\u0259ricisi)<\/li>\n<li>Dad profili: Y\u00fcng\u00fcl meyv\u0259 notlar\u0131 il\u0259 balansl\u0131 v\u0259 z\u0259rif dad<\/li>\n<li>R\u0259ng: T\u0259bii q\u0131z\u0131l\u0131-ya\u015f\u0131l<\/li>\n<li>M\u0259n\u015f\u0259: Az\u0259rbaycan<\/li>\n<\/ul>\n<div><\/div>\n<div><strong>\u0130stifad\u0259 Sah\u0259l\u0259ri<\/strong><\/div>\n<ul>\n<li>Haz\u0131r yem\u0259kl\u0259rin \u00fcz\u0259rin\u0259 \u0259lav\u0259 etm\u0259k \u00fc\u00e7\u00fcn<\/li>\n<li>Yem\u0259k bi\u015firm\u0259k v\u0259 salatlar<\/li>\n<li>G\u00fcnd\u0259lik sa\u011flam qidalanma<\/li>\n<li>Gurme v\u0259 Aral\u0131q d\u0259nizi m\u0259tb\u0259xi<\/li>\n<\/ul>\n<div><\/div>\n<div><strong>Niy\u0259 Baba Zeytunu se\u00e7m\u0259lisiniz?<\/strong><\/div>\n<ul>\n<li>T\u0259k m\u0259nb\u0259li (single-estate) zeytunlar<\/li>\n<li>Kimy\u0259vi emal olmadan istehsal<\/li>\n<li>T\u0259bii olaraq antioksidanlarla (polifenollarla) z\u0259ngindir<\/li>\n<li>Keyfiyy\u0259ti qorumaq \u00fc\u00e7\u00fcn diqq\u0259tl\u0259 qabla\u015fd\u0131r\u0131l\u0131r<\/li>\n<li>Qida D\u0259y\u0259rl\u0259ri (100 ml \u00fc\u00e7\u00fcn):<\/li>\n<li>Enerji: 884 kkal \/ 3700 kJ<\/li>\n<li>Ya\u011f: 100 q<\/li>\n<li>Doymu\u015f ya\u011f: 14 q<\/li>\n<li>Karbohidratlar: 0 q<\/li>\n<li>\u015e\u0259k\u0259rl\u0259r: 0 q<\/li>\n<li>Z\u00fclal: 0 q<\/li>\n<li>Duz: 0 q<\/li>\n<\/ul>\n<div><\/div>\n<div><strong><em>Saxlama Qaydas\u0131:<\/em><\/strong><\/div>\n<div>S\u0259rin v\u0259 quru yerd\u0259, birba\u015fa g\u00fcn\u0259\u015f i\u015f\u0131\u011f\u0131ndan uzaqda saxlay\u0131n. \u0130stifad\u0259d\u0259n sonra qab\u0131 m\u00f6hk\u0259m ba\u011flay\u0131n.\nBaba Zeytun \u2013 Saf dad, d\u00fcr\u00fcst keyfiyy\u0259t, ba\u011f\u0131m\u0131zdan s\u00fcfr\u0259niz\u0259.<\/div>","protected":false},"excerpt":{"rendered":"<div>Baba Zeytun Extra Virgin Zeytun Ya\u011f\u0131 (250 ml) il\u0259 t\u0259bii v\u0259 saf zeytun ya\u011f\u0131n\u0131n \u0259sl dad\u0131n\u0131 k\u0259\u015ff edin. Ail\u0259 ba\u011flar\u0131m\u0131zda yeti\u015fdiril\u0259n, diqq\u0259tl\u0259 se\u00e7ilmi\u015f zeytunlardan istehsal olunan bu ya\u011f, t\u0259bii dad\u0131n\u0131, \u0259tirini v\u0259 qida d\u0259y\u0259rini qorumaq \u00fc\u00e7\u00fcn ilk soyuq s\u0131x\u0131m \u00fcsulu il\u0259 \u0259ld\u0259 olunur. 250 ml-lik \u015f\u00fc\u015f\u0259 qab g\u00fcnd\u0259lik istifad\u0259, h\u0259diyy\u0259 v\u0259 ya daha ki\u00e7ik h\u0259cmd\u0259 t\u0259z\u0259liy\u0259 \u00fcst\u00fcnl\u00fck ver\u0259n m\u00fc\u015ft\u0259ril\u0259r \u00fc\u00e7\u00fcn ideald\u0131r.<\/div>\n<div><\/div>\n<div><strong>M\u0259hsul X\u00fcsusiyy\u0259tl\u0259ri:<\/strong><\/div>\n<ul>\n<li>H\u0259cm: 250 ml<\/li>\n<li>N\u00f6v: Extra Virgin zeytun ya\u011f\u0131<\/li>\n<li>S\u0131x\u0131m \u00fcsulu: \u0130lk soyuq s\u0131x\u0131m<\/li>\n<li>Tur\u015fuluq: \u2264 0.6% (a\u015fa\u011f\u0131 tur\u015fuluq \u2014 y\u00fcks\u0259k keyfiyy\u0259t g\u00f6st\u0259ricisi)<\/li>\n<li>Dad profili: Y\u00fcng\u00fcl meyv\u0259 notlar\u0131 il\u0259 balansl\u0131 v\u0259 z\u0259rif dad<\/li>\n<li>R\u0259ng: T\u0259bii q\u0131z\u0131l\u0131-ya\u015f\u0131l<\/li>\n<li>M\u0259n\u015f\u0259: Az\u0259rbaycan<\/li>\n<\/ul>","protected":false},"featured_media":2868,"comment_status":"open","ping_status":"closed","template":"","meta":{"_eb_attr":"","_monsterinsights_skip_tracking":false,"_monsterinsights_sitenote_active":false,"_monsterinsights_sitenote_note":"","_monsterinsights_sitenote_category":0,"site-sidebar-layout":"default","site-content-layout":"","ast-site-content-layout":"default","site-content-style":"default","site-sidebar-style":"default","ast-global-header-display":"","ast-banner-title-visibility":"","ast-main-header-display":"","ast-hfb-above-header-display":"","ast-hfb-below-header-display":"","ast-hfb-mobile-header-display":"","site-post-title":"","ast-breadcrumbs-content":"","ast-featured-img":"","footer-sml-layout":"","ast-disable-related-posts":"","theme-transparent-header-meta":"default","adv-header-id-meta":"","stick-header-meta":"","header-above-stick-meta":"","header-main-stick-meta":"","header-below-stick-meta":"","astra-migrate-meta-layouts":"set","ast-page-background-enabled":"default","ast-page-background-meta":{"desktop":{"background-color":"var(--ast-global-color-5)","background-image":"","background-repeat":"repeat","background-position":"center center","background-size":"auto","background-attachment":"scroll","background-type":"","background-media":"","overlay-type":"","overlay-color":"","overlay-opacity":"","overlay-gradient":""},"tablet":{"background-color":"","background-image":"","background-repeat":"repeat","background-position":"center center","background-size":"auto","background-attachment":"scroll","background-type":"","background-media":"","overlay-type":"","overlay-color":"","overlay-opacity":"","overlay-gradient":""},"mobile":{"background-color":"","background-image":"","background-repeat":"repeat","background-position":"center center","background-size":"auto","background-attachment":"scroll","background-type":"","background-media":"","overlay-type":"","overlay-color":"","overlay-opacity":"","overlay-gradient":""}},"ast-content-background-meta":{"desktop":{"background-color":"var(--ast-global-color-4)","background-image":"","background-repeat":"repeat","background-position":"center center","background-size":"auto","background-attachment":"scroll","background-type":"","background-media":"","overlay-type":"","overlay-color":"","overlay-opacity":"","overlay-gradient":""},"tablet":{"background-color":"var(--ast-global-color-4)","background-image":"","background-repeat":"repeat","background-position":"center center","background-size":"auto","background-attachment":"scroll","background-type":"","background-media":"","overlay-type":"","overlay-color":"","overlay-opacity":"","overlay-gradient":""},"mobile":{"background-color":"var(--ast-global-color-4)","background-image":"","background-repeat":"repeat","background-position":"center center","background-size":"auto","background-attachment":"scroll","background-type":"","background-media":"","overlay-type":"","overlay-color":"","overlay-opacity":"","overlay-gradient":""}}},"product_brand":[],"product_cat":[18],"product_tag":[],"class_list":{"0":"post-1303","1":"product","2":"type-product","3":"status-publish","4":"has-post-thumbnail","6":"product_cat-baba-zeytun","7":"desktop-align-left","8":"tablet-align-left","9":"mobile-align-left","11":"first","12":"instock","13":"taxable","14":"shipping-taxable","15":"purchasable","16":"product-type-simple"},"yoast_head":"<!-- This site is optimized with the Yoast SEO plugin v27.4 - https:\/\/yoast.com\/product\/yoast-seo-wordpress\/ -->\n<title>Baba Zeytun Extra Virgin Olive Oil \u2013 250 ml - Baba Zeytun | Premium Azerbaijani Extra Virgin Olive Oil<\/title>\n<meta name=\"robots\" content=\"noindex, follow, max-snippet:-1, max-image-preview:large, max-video-preview:-1\" \/>\n<meta property=\"og:locale\" content=\"az_AZ\" \/>\n<meta property=\"og:type\" content=\"article\" \/>\n<meta property=\"og:title\" content=\"Baba Zeytun Extra Virgin Olive Oil \u2013 250 ml - Baba Zeytun | Premium Azerbaijani Extra Virgin Olive Oil\" \/>\n<meta property=\"og:description\" content=\"Discover the essence of pure, natural olive oil with Baba Zeytun Extra Virgin Olive Oil (250 ml). Produced from carefully selected olives grown on our family estate, this oil is first cold-pressed to preserve its natural flavor, aroma, and nutritional value. The compact 250 ml bottle is ideal for daily home use, gifting, or for customers who prefer freshness in smaller quantities.  Product Features   Volume: 250 ml  Type: Extra Virgin Olive Oil  Extraction Method: First cold press  Acidity: Naturally low  Flavor Profile: Mildly fruity with a smooth, balanced finish  Color: Natural golden-green  Packaging: Dark glass bottle to protect from light\" \/>\n<meta property=\"og:url\" content=\"https:\/\/babazeytun.com\/az\/product\/\u0259lav\u0259-bakir\u0259-zeytun-yagi-3\/\" \/>\n<meta property=\"og:site_name\" content=\"Baba Zeytun | Premium Azerbaijani Extra Virgin Olive Oil\" \/>\n<meta property=\"article:modified_time\" content=\"2026-04-15T03:28:53+00:00\" \/>\n<meta property=\"og:image\" content=\"https:\/\/babazeytun.com\/wp-content\/uploads\/2026\/01\/250-ML-Extra-Virgin-Oil-scaled.png\" \/>\n\t<meta property=\"og:image:width\" content=\"2560\" \/>\n\t<meta property=\"og:image:height\" content=\"2560\" \/>\n\t<meta property=\"og:image:type\" content=\"image\/png\" \/>\n<meta name=\"twitter:card\" content=\"summary_large_image\" \/>\n<meta name=\"twitter:label1\" content=\"Est. reading time\" \/>\n\t<meta name=\"twitter:data1\" content=\"2 minutes\" \/>\n<script type=\"application\/ld+json\" class=\"yoast-schema-graph\">{\"@context\":\"https:\\\/\\\/schema.org\",\"@graph\":[{\"@type\":\"WebPage\",\"@id\":\"https:\\\/\\\/babazeytun.com\\\/product\\\/extra-virgin-olive-oil-3\\\/\",\"url\":\"https:\\\/\\\/babazeytun.com\\\/product\\\/extra-virgin-olive-oil-3\\\/\",\"name\":\"Baba Zeytun Extra Virgin Olive Oil \u2013 250 ml - Baba Zeytun | Premium Azerbaijani Extra Virgin Olive Oil\",\"isPartOf\":{\"@id\":\"https:\\\/\\\/babazeytun.com\\\/#website\"},\"primaryImageOfPage\":{\"@id\":\"https:\\\/\\\/babazeytun.com\\\/product\\\/extra-virgin-olive-oil-3\\\/#primaryimage\"},\"image\":{\"@id\":\"https:\\\/\\\/babazeytun.com\\\/product\\\/extra-virgin-olive-oil-3\\\/#primaryimage\"},\"thumbnailUrl\":\"https:\\\/\\\/babazeytun.com\\\/wp-content\\\/uploads\\\/2026\\\/01\\\/250-ML-Extra-Virgin-Oil-scaled.png\",\"datePublished\":\"2026-01-09T16:43:06+00:00\",\"dateModified\":\"2026-04-15T03:28:53+00:00\",\"breadcrumb\":{\"@id\":\"https:\\\/\\\/babazeytun.com\\\/product\\\/extra-virgin-olive-oil-3\\\/#breadcrumb\"},\"inLanguage\":\"az\",\"potentialAction\":[{\"@type\":\"ReadAction\",\"target\":[\"https:\\\/\\\/babazeytun.com\\\/product\\\/extra-virgin-olive-oil-3\\\/\"]}]},{\"@type\":\"ImageObject\",\"inLanguage\":\"az\",\"@id\":\"https:\\\/\\\/babazeytun.com\\\/product\\\/extra-virgin-olive-oil-3\\\/#primaryimage\",\"url\":\"https:\\\/\\\/babazeytun.com\\\/wp-content\\\/uploads\\\/2026\\\/01\\\/250-ML-Extra-Virgin-Oil-scaled.png\",\"contentUrl\":\"https:\\\/\\\/babazeytun.com\\\/wp-content\\\/uploads\\\/2026\\\/01\\\/250-ML-Extra-Virgin-Oil-scaled.png\",\"width\":2560,\"height\":2560},{\"@type\":\"BreadcrumbList\",\"@id\":\"https:\\\/\\\/babazeytun.com\\\/product\\\/extra-virgin-olive-oil-3\\\/#breadcrumb\",\"itemListElement\":[{\"@type\":\"ListItem\",\"position\":1,\"name\":\"Home\",\"item\":\"https:\\\/\\\/babazeytun.com\\\/\"},{\"@type\":\"ListItem\",\"position\":2,\"name\":\"Shop page\",\"item\":\"https:\\\/\\\/babazeytun.com\\\/products\\\/\"},{\"@type\":\"ListItem\",\"position\":3,\"name\":\"Baba Zeytun Extra Virgin Olive Oil \u2013 250 ml\"}]},{\"@type\":\"WebSite\",\"@id\":\"https:\\\/\\\/babazeytun.com\\\/#website\",\"url\":\"https:\\\/\\\/babazeytun.com\\\/\",\"name\":\"Baba Zeytun | Premium Azerbaijani Extra Virgin Olive Oil\",\"description\":\"\",\"publisher\":{\"@id\":\"https:\\\/\\\/babazeytun.com\\\/#organization\"},\"potentialAction\":[{\"@type\":\"SearchAction\",\"target\":{\"@type\":\"EntryPoint\",\"urlTemplate\":\"https:\\\/\\\/babazeytun.com\\\/?s={search_term_string}\"},\"query-input\":{\"@type\":\"PropertyValueSpecification\",\"valueRequired\":true,\"valueName\":\"search_term_string\"}}],\"inLanguage\":\"az\"},{\"@type\":\"Organization\",\"@id\":\"https:\\\/\\\/babazeytun.com\\\/#organization\",\"name\":\"Baba Zeytun | Premium Azerbaijani Extra Virgin Olive Oil\",\"url\":\"https:\\\/\\\/babazeytun.com\\\/\",\"logo\":{\"@type\":\"ImageObject\",\"inLanguage\":\"az\",\"@id\":\"https:\\\/\\\/babazeytun.com\\\/#\\\/schema\\\/logo\\\/image\\\/\",\"url\":\"https:\\\/\\\/babazeytun.com\\\/wp-content\\\/uploads\\\/2026\\\/04\\\/cropped-cropped-LOGO-transparrent-scaled-1-1.png\",\"contentUrl\":\"https:\\\/\\\/babazeytun.com\\\/wp-content\\\/uploads\\\/2026\\\/04\\\/cropped-cropped-LOGO-transparrent-scaled-1-1.png\",\"width\":512,\"height\":272,\"caption\":\"Baba Zeytun | Premium Azerbaijani Extra Virgin Olive Oil\"},\"image\":{\"@id\":\"https:\\\/\\\/babazeytun.com\\\/#\\\/schema\\\/logo\\\/image\\\/\"}}]}<\/script>\n<!-- \/ Yoast SEO plugin. -->","yoast_head_json":{"title":"Baba Zeytun Extra Virgin Olive Oil \u2013 250 ml - Baba Zeytun | Premium Azerbaijani Extra Virgin Olive Oil","robots":{"index":"noindex","follow":"follow","max-snippet":"max-snippet:-1","max-image-preview":"max-image-preview:large","max-video-preview":"max-video-preview:-1"},"og_locale":"az_AZ","og_type":"article","og_title":"Baba Zeytun Extra Virgin Olive Oil \u2013 250 ml - Baba Zeytun | Premium Azerbaijani Extra Virgin Olive Oil","og_description":"Discover the essence of pure, natural olive oil with Baba Zeytun Extra Virgin Olive Oil (250 ml). Produced from carefully selected olives grown on our family estate, this oil is first cold-pressed to preserve its natural flavor, aroma, and nutritional value. The compact 250 ml bottle is ideal for daily home use, gifting, or for customers who prefer freshness in smaller quantities.  Product Features   Volume: 250 ml  Type: Extra Virgin Olive Oil  Extraction Method: First cold press  Acidity: Naturally low  Flavor Profile: Mildly fruity with a smooth, balanced finish  Color: Natural golden-green  Packaging: Dark glass bottle to protect from light","og_url":"https:\/\/babazeytun.com\/az\/product\/\u0259lav\u0259-bakir\u0259-zeytun-yagi-3\/","og_site_name":"Baba Zeytun | Premium Azerbaijani Extra Virgin Olive Oil","article_modified_time":"2026-04-15T03:28:53+00:00","og_image":[{"width":2560,"height":2560,"url":"https:\/\/babazeytun.com\/wp-content\/uploads\/2026\/01\/250-ML-Extra-Virgin-Oil-scaled.png","type":"image\/png"}],"twitter_card":"summary_large_image","twitter_misc":{"Est. reading time":"2 minutes"},"schema":{"@context":"https:\/\/schema.org","@graph":[{"@type":"WebPage","@id":"https:\/\/babazeytun.com\/product\/extra-virgin-olive-oil-3\/","url":"https:\/\/babazeytun.com\/product\/extra-virgin-olive-oil-3\/","name":"Baba Zeytun Extra Virgin Olive Oil \u2013 250 ml - Baba Zeytun | Premium Azerbaijani Extra Virgin Olive Oil","isPartOf":{"@id":"https:\/\/babazeytun.com\/#website"},"primaryImageOfPage":{"@id":"https:\/\/babazeytun.com\/product\/extra-virgin-olive-oil-3\/#primaryimage"},"image":{"@id":"https:\/\/babazeytun.com\/product\/extra-virgin-olive-oil-3\/#primaryimage"},"thumbnailUrl":"https:\/\/babazeytun.com\/wp-content\/uploads\/2026\/01\/250-ML-Extra-Virgin-Oil-scaled.png","datePublished":"2026-01-09T16:43:06+00:00","dateModified":"2026-04-15T03:28:53+00:00","breadcrumb":{"@id":"https:\/\/babazeytun.com\/product\/extra-virgin-olive-oil-3\/#breadcrumb"},"inLanguage":"az","potentialAction":[{"@type":"ReadAction","target":["https:\/\/babazeytun.com\/product\/extra-virgin-olive-oil-3\/"]}]},{"@type":"ImageObject","inLanguage":"az","@id":"https:\/\/babazeytun.com\/product\/extra-virgin-olive-oil-3\/#primaryimage","url":"https:\/\/babazeytun.com\/wp-content\/uploads\/2026\/01\/250-ML-Extra-Virgin-Oil-scaled.png","contentUrl":"https:\/\/babazeytun.com\/wp-content\/uploads\/2026\/01\/250-ML-Extra-Virgin-Oil-scaled.png","width":2560,"height":2560},{"@type":"BreadcrumbList","@id":"https:\/\/babazeytun.com\/product\/extra-virgin-olive-oil-3\/#breadcrumb","itemListElement":[{"@type":"ListItem","position":1,"name":"Home","item":"https:\/\/babazeytun.com\/"},{"@type":"ListItem","position":2,"name":"Shop page","item":"https:\/\/babazeytun.com\/products\/"},{"@type":"ListItem","position":3,"name":"Baba Zeytun Extra Virgin Olive Oil \u2013 250 ml"}]},{"@type":"WebSite","@id":"https:\/\/babazeytun.com\/#website","url":"https:\/\/babazeytun.com\/","name":"Baba Zeytun | Premium Az\u0259rbaycan Extra Virgin Zeytun Ya\u011f\u0131","description":"","publisher":{"@id":"https:\/\/babazeytun.com\/#organization"},"potentialAction":[{"@type":"SearchAction","target":{"@type":"EntryPoint","urlTemplate":"https:\/\/babazeytun.com\/?s={search_term_string}"},"query-input":{"@type":"PropertyValueSpecification","valueRequired":true,"valueName":"search_term_string"}}],"inLanguage":"az"},{"@type":"Organization","@id":"https:\/\/babazeytun.com\/#organization","name":"Baba Zeytun | Premium Az\u0259rbaycan Extra Virgin Zeytun Ya\u011f\u0131","url":"https:\/\/babazeytun.com\/","logo":{"@type":"ImageObject","inLanguage":"az","@id":"https:\/\/babazeytun.com\/#\/schema\/logo\/image\/","url":"https:\/\/babazeytun.com\/wp-content\/uploads\/2026\/04\/cropped-cropped-LOGO-transparrent-scaled-1-1.png","contentUrl":"https:\/\/babazeytun.com\/wp-content\/uploads\/2026\/04\/cropped-cropped-LOGO-transparrent-scaled-1-1.png","width":512,"height":272,"caption":"Baba Zeytun | Premium Azerbaijani Extra Virgin Olive Oil"},"image":{"@id":"https:\/\/babazeytun.com\/#\/schema\/logo\/image\/"}}]}},"_links":{"self":[{"href":"https:\/\/babazeytun.com\/az\/wp-json\/wp\/v2\/product\/1303","targetHints":{"allow":["GET"]}}],"collection":[{"href":"https:\/\/babazeytun.com\/az\/wp-json\/wp\/v2\/product"}],"about":[{"href":"https:\/\/babazeytun.com\/az\/wp-json\/wp\/v2\/types\/product"}],"replies":[{"embeddable":true,"href":"https:\/\/babazeytun.com\/az\/wp-json\/wp\/v2\/comments?post=1303"}],"wp:featuredmedia":[{"embeddable":true,"href":"https:\/\/babazeytun.com\/az\/wp-json\/wp\/v2\/media\/2868"}],"wp:attachment":[{"href":"https:\/\/babazeytun.com\/az\/wp-json\/wp\/v2\/media?parent=1303"}],"wp:term":[{"taxonomy":"product_brand","embeddable":true,"href":"https:\/\/babazeytun.com\/az\/wp-json\/wp\/v2\/product_brand?post=1303"},{"taxonomy":"product_cat","embeddable":true,"href":"https:\/\/babazeytun.com\/az\/wp-json\/wp\/v2\/product_cat?post=1303"},{"taxonomy":"product_tag","embeddable":true,"href":"https:\/\/babazeytun.com\/az\/wp-json\/wp\/v2\/product_tag?post=1303"}],"curies":[{"name":"wp","href":"https:\/\/api.w.org\/{rel}","templated":true}]}}